{"id":1265,"date":"2025-09-30T05:14:47","date_gmt":"2025-09-30T05:14:47","guid":{"rendered":"https:\/\/d-carbonize.eu\/?page_id=1265"},"modified":"2026-03-04T09:23:43","modified_gmt":"2026-03-04T09:23:43","slug":"ressources","status":"publish","type":"page","link":"https:\/\/d-carbonize.eu\/fr\/resources\/","title":{"rendered":"Ressources"},"content":{"rendered":"<div data-elementor-type=\"wp-page\" data-elementor-id=\"1265\" class=\"elementor elementor-1265\" data-elementor-post-type=\"page\">\n\t\t\t\t<div class=\"elementor-element elementor-element-495c7ba e-flex e-con-boxed e-con e-parent\" data-id=\"495c7ba\" data-element_type=\"container\" data-e-type=\"container\">\n\t\t\t\t\t<div class=\"e-con-inner\">\n\t\t<div class=\"elementor-element elementor-element-6808f3a e-con-full e-flex e-con e-child\" data-id=\"6808f3a\" data-element_type=\"container\" data-e-type=\"container\">\n\t\t\t\t<div class=\"elementor-element elementor-element-a0c2bd0 elementor-align-center elementor-icon-list--layout-traditional elementor-list-item-link-full_width elementor-widget elementor-widget-icon-list\" data-id=\"a0c2bd0\" data-element_type=\"widget\" data-e-type=\"widget\" data-widget_type=\"icon-list.default\">\n\t\t\t\t\t\t\t<ul class=\"elementor-icon-list-items\">\n\t\t\t\t\t\t\t<li class=\"elementor-icon-list-item\">\n\t\t\t\t\t\t\t\t\t\t\t<span class=\"elementor-icon-list-icon\">\n\t\t\t\t\t\t\t<svg xmlns=\"http:\/\/www.w3.org\/2000\/svg\" width=\"24\" height=\"24\" viewbox=\"0 0 24 24\"><path d=\"M7.725 14.275C8.20833 14.7583 8.8 15 9.5 15C10.2 15 10.7917 14.7583 11.275 14.275L15.275 10.275C15.7583 9.79167 16 9.2 16 8.5C16 7.8 15.7583 7.20833 15.275 6.725C14.7917 6.24167 14.2 6 13.5 6C12.8 6 12.2083 6.24167 11.725 6.725C11.1083 6.50833 10.5 6.45833 9.9 6.575C9.3 6.69167 8.79167 6.95833 8.375 7.375C7.95833 7.79167 7.69167 8.3 7.575 8.9C7.45833 9.5 7.50833 10.1083 7.725 10.725C7.24167 11.2083 7 11.8 7 12.5C7 13.2 7.24167 13.7917 7.725 14.275ZM6 22V17.7C5.05 16.8333 4.3125 15.8208 3.7875 14.6625C3.2625 13.5042 3 12.2833 3 11C3 8.5 3.875 6.375 5.625 4.625C7.375 2.875 9.5 2 12 2C14.0833 2 15.9292 2.6125 17.5375 3.8375C19.1458 5.0625 20.1917 6.65833 20.675 8.625L21.975 13.75C22.0583 14.0667 22 14.3542 21.8 14.6125C21.6 14.8708 21.3333 15 21 15H19V18C19 18.55 18.8042 19.0208 18.4125 19.4125C18.0208 19.8042 17.55 20 17 20H15V22H13V18H17V13H19.7L18.75 9.125C18.3667 7.60833 17.55 6.375 16.3 5.425C15.05 4.475 13.6167 4 12 4C10.0667 4 8.41667 4.675 7.05 6.025C5.68333 7.375 5 9.01667 5 10.95C5 11.95 5.20417 12.9 5.6125 13.8C6.02083 14.7 6.6 15.5 7.35 16.2L8 16.8V22H6Z\"><\/path><\/svg>\t\t\t\t\t\t<\/span>\n\t\t\t\t\t\t\t\t\t\t<span class=\"elementor-icon-list-text\">Learning<\/span>\n\t\t\t\t\t\t\t\t\t<\/li>\n\t\t\t\t\t\t<\/ul>\n\t\t\t\t\t\t<\/div>\n\t\t\t\t<div class=\"elementor-element elementor-element-3b81a7e elementor-widget elementor-widget-heading\" data-id=\"3b81a7e\" data-element_type=\"widget\" data-e-type=\"widget\" data-widget_type=\"heading.default\">\n\t\t\t\t\t<h1 class=\"elementor-heading-title elementor-size-default\">Resources<\/h1>\t\t\t\t<\/div>\n\t\t\t\t<div class=\"elementor-element elementor-element-4372d9b elementor-widget__width-initial elementor-widget elementor-widget-heading\" data-id=\"4372d9b\" data-element_type=\"widget\" data-e-type=\"widget\" data-widget_type=\"heading.default\">\n\t\t\t\t\t<p class=\"elementor-heading-title elementor-size-default\">D\u00e9couvrez des \u00e9tudes de cas, des webinaires, des articles de blog et des faits marquants dans les m\u00e9dias con\u00e7us pour aider les \u00e9quipes charg\u00e9es du d\u00e9veloppement durable \u00e0 transformer les rapports sur les \u00e9missions de carbone en d\u00e9cisions claires et en progr\u00e8s mesurables.<\/p>\t\t\t\t<\/div>\n\t\t\t\t<\/div>\n\t\t<div class=\"elementor-element elementor-element-f1c4151 e-con-full e-flex e-con e-child\" data-id=\"f1c4151\" data-element_type=\"container\" data-e-type=\"container\">\n\t\t<a class=\"elementor-element elementor-element-4c7bbff e-con-full e-flex e-con e-child\" data-id=\"4c7bbff\" data-element_type=\"container\" data-e-type=\"container\" href=\"https:\/\/d-carbonize.eu\/fr\/ressources\/etudes-de-cas\/\">\n\t\t\t\t<div class=\"elementor-element elementor-element-bb4b760 elementor-view-stacked elementor-shape-rounded elementor-widget__width-initial elementor-widget-mobile__width-inherit elementor-position-block-start elementor-mobile-position-block-start elementor-widget elementor-widget-icon-box\" data-id=\"bb4b760\" data-element_type=\"widget\" data-e-type=\"widget\" data-widget_type=\"icon-box.default\">\n\t\t\t\t\t\t\t<div class=\"elementor-icon-box-wrapper\">\n\n\t\t\t\t\t\t<div class=\"elementor-icon-box-icon\">\n\t\t\t\t<span  class=\"elementor-icon\">\n\t\t\t\t<svg xmlns=\"http:\/\/www.w3.org\/2000\/svg\" width=\"39\" height=\"39\" viewbox=\"0 0 39 39\" fill=\"none\"><mask id=\"mask0_162_1006\" style=\"mask-type:alpha\" maskunits=\"userSpaceOnUse\" x=\"0\" y=\"0\" width=\"39\" height=\"39\"><rect width=\"38.5762\" height=\"38.5762\" fill=\"#D9D9D9\"><\/rect><\/mask><g mask=\"url(#mask0_162_1006)\"><path d=\"M3.21289 38.576V32.1467H35.3597V38.576H3.21289ZM6.42757 28.932V22.1008L24.4298 4.13876C24.7245 3.84408 25.066 3.61637 25.4545 3.45564C25.8429 3.29491 26.2514 3.21454 26.6801 3.21454C27.1087 3.21454 27.5239 3.29491 27.9258 3.45564C28.3276 3.61637 28.6892 3.85747 29.0107 4.17894L31.2208 6.42922C31.5423 6.7239 31.7767 7.07216 31.924 7.47399C32.0714 7.87583 32.145 8.29106 32.145 8.71968C32.145 9.12151 32.0714 9.51665 31.924 9.90509C31.7767 10.2935 31.5423 10.6485 31.2208 10.97L13.2588 28.932H6.42757ZM26.6801 10.9298L28.9303 8.6795L26.6801 6.42922L24.4298 8.6795L26.6801 10.9298Z\" fill=\"white\"><\/path><\/g><\/svg>\t\t\t\t<\/span>\n\t\t\t<\/div>\n\t\t\t\n\t\t\t\t\t\t<div class=\"elementor-icon-box-content\">\n\n\t\t\t\t\t\t\t\t\t<h3 class=\"elementor-icon-box-title\">\n\t\t\t\t\t\t<span  >\n\t\t\t\t\t\t\tEtudes de cas\t\t\t\t\t\t<\/span>\n\t\t\t\t\t<\/h3>\n\t\t\t\t\n\t\t\t\t\t\t\t\t\t<p class=\"elementor-icon-box-description\">\n\t\t\t\t\t\tApprenez de vos pairs gr\u00e2ce \u00e0 nos \u00e9tudes de cas.\t\t\t\t\t<\/p>\n\t\t\t\t\n\t\t\t<\/div>\n\t\t\t\n\t\t<\/div>\n\t\t\t\t\t\t<\/div>\n\t\t\t\t<\/a>\n\t\t<a class=\"elementor-element elementor-element-60ad252 e-con-full e-flex e-con e-child\" data-id=\"60ad252\" data-element_type=\"container\" data-e-type=\"container\" href=\"https:\/\/d-carbonize.eu\/fr\/ressources\/blog\/\">\n\t\t\t\t<div class=\"elementor-element elementor-element-72bb3d5 elementor-view-stacked elementor-shape-rounded elementor-widget__width-initial elementor-widget-mobile__width-inherit elementor-position-block-start elementor-mobile-position-block-start elementor-widget elementor-widget-icon-box\" data-id=\"72bb3d5\" data-element_type=\"widget\" data-e-type=\"widget\" data-widget_type=\"icon-box.default\">\n\t\t\t\t\t\t\t<div class=\"elementor-icon-box-wrapper\">\n\n\t\t\t\t\t\t<div class=\"elementor-icon-box-icon\">\n\t\t\t\t<span  class=\"elementor-icon\">\n\t\t\t\t<svg xmlns=\"http:\/\/www.w3.org\/2000\/svg\" width=\"47\" height=\"47\" viewbox=\"0 0 47 47\" fill=\"none\"><mask id=\"mask0_162_1015\" style=\"mask-type:alpha\" maskunits=\"userSpaceOnUse\" x=\"0\" y=\"0\" width=\"47\" height=\"47\"><rect width=\"46.5781\" height=\"46.5781\" fill=\"#D9D9D9\"><\/rect><\/mask><g mask=\"url(#mask0_162_1015)\"><path d=\"M21.3473 32.9928V13.5853H40.7549V32.9928H21.3473ZM25.2288 29.1113H36.8734V17.4668H25.2288V29.1113ZM5.82129 40.7559V36.8743H40.7549V40.7559H5.82129ZM5.82129 32.9928V29.1113H17.4658V32.9928H5.82129ZM5.82129 25.2298V21.3483H17.4658V25.2298H5.82129ZM5.82129 17.4668V13.5853H17.4658V17.4668H5.82129ZM5.82129 9.70378V5.82227H40.7549V9.70378H5.82129Z\" fill=\"white\"><\/path><\/g><\/svg>\t\t\t\t<\/span>\n\t\t\t<\/div>\n\t\t\t\n\t\t\t\t\t\t<div class=\"elementor-icon-box-content\">\n\n\t\t\t\t\t\t\t\t\t<h3 class=\"elementor-icon-box-title\">\n\t\t\t\t\t\t<span  >\n\t\t\t\t\t\t\tBlog\t\t\t\t\t\t<\/span>\n\t\t\t\t\t<\/h3>\n\t\t\t\t\n\t\t\t\t\t\t\t\t\t<p class=\"elementor-icon-box-description\">\n\t\t\t\t\t\tRestez inform\u00e9 gr\u00e2ce \u00e0 nos articles de blog.\t\t\t\t\t<\/p>\n\t\t\t\t\n\t\t\t<\/div>\n\t\t\t\n\t\t<\/div>\n\t\t\t\t\t\t<\/div>\n\t\t\t\t<\/a>\n\t\t<a class=\"elementor-element elementor-element-5153b3c e-con-full e-flex e-con e-child\" data-id=\"5153b3c\" data-element_type=\"container\" data-e-type=\"container\" href=\"https:\/\/d-carbonize.eu\/fr\/ressources\/gestion-empreinte-carbone-webinaires\/\">\n\t\t\t\t<div class=\"elementor-element elementor-element-50e0213 elementor-view-stacked elementor-shape-rounded elementor-widget__width-initial elementor-widget-mobile__width-inherit elementor-position-block-start elementor-mobile-position-block-start elementor-widget elementor-widget-icon-box\" data-id=\"50e0213\" data-element_type=\"widget\" data-e-type=\"widget\" data-widget_type=\"icon-box.default\">\n\t\t\t\t\t\t\t<div class=\"elementor-icon-box-wrapper\">\n\n\t\t\t\t\t\t<div class=\"elementor-icon-box-icon\">\n\t\t\t\t<a href=\"https:\/\/d-carbonize.eu\/fr\/ressources\/webinaires-4\/\" class=\"elementor-icon\" tabindex=\"-1\" aria-label=\"Webinaires\">\n\t\t\t\t<svg xmlns=\"http:\/\/www.w3.org\/2000\/svg\" width=\"49\" height=\"49\" viewbox=\"0 0 49 49\" fill=\"none\"><mask id=\"mask0_162_1024\" style=\"mask-type:alpha\" maskunits=\"userSpaceOnUse\" x=\"0\" y=\"0\" width=\"49\" height=\"49\"><rect width=\"48.5781\" height=\"48.5781\" fill=\"#D9D9D9\"><\/rect><\/mask><g mask=\"url(#mask0_162_1024)\"><path d=\"M16.193 28.3372H20.2412V24.2891C20.2412 23.7156 20.4352 23.2349 20.8231 22.8469C21.2111 22.459 21.6918 22.265 22.2653 22.265H26.3135V26.3132L32.3857 20.2409L26.3135 14.1686V18.2168H22.2653C20.5786 18.2168 19.1448 18.8072 17.9641 19.9879C16.7834 21.1686 16.193 22.6023 16.193 24.2891V28.3372ZM8.09668 36.4336C6.98343 36.4336 6.03042 36.0372 5.23765 35.2444C4.44489 34.4517 4.0485 33.4987 4.0485 32.3854V10.1204C4.0485 9.00719 4.44489 8.05419 5.23765 7.26142C6.03042 6.46865 6.98343 6.07227 8.09668 6.07227H40.4821C41.5953 6.07227 42.5484 6.46865 43.3411 7.26142C44.1339 8.05419 44.5303 9.00719 44.5303 10.1204V32.3854C44.5303 33.4987 44.1339 34.4517 43.3411 35.2444C42.5484 36.0372 41.5953 36.4336 40.4821 36.4336H8.09668ZM2.02441 42.5059V38.4577H46.5544V42.5059H2.02441Z\" fill=\"white\"><\/path><\/g><\/svg>\t\t\t\t<\/a>\n\t\t\t<\/div>\n\t\t\t\n\t\t\t\t\t\t<div class=\"elementor-icon-box-content\">\n\n\t\t\t\t\t\t\t\t\t<h3 class=\"elementor-icon-box-title\">\n\t\t\t\t\t\t<a href=\"https:\/\/d-carbonize.eu\/fr\/ressources\/webinaires-4\/\" >\n\t\t\t\t\t\t\tWebinaires\t\t\t\t\t\t<\/a>\n\t\t\t\t\t<\/h3>\n\t\t\t\t\n\t\t\t\t\t\t\t\t\t<p class=\"elementor-icon-box-description\">\n\t\t\t\t\t\tApprofondissez vos connaissances gr\u00e2ce \u00e0 des webinaires anim\u00e9s par des experts.\t\t\t\t\t<\/p>\n\t\t\t\t\n\t\t\t<\/div>\n\t\t\t\n\t\t<\/div>\n\t\t\t\t\t\t<\/div>\n\t\t\t\t<\/a>\n\t\t<a class=\"elementor-element elementor-element-ad9a85b e-con-full e-flex e-con e-child\" data-id=\"ad9a85b\" data-element_type=\"container\" data-e-type=\"container\" href=\"https:\/\/d-carbonize.eu\/fr\/ressources\/media\/\">\n\t\t\t\t<div class=\"elementor-element elementor-element-cea72a9 elementor-view-stacked elementor-shape-rounded elementor-widget__width-initial elementor-widget-mobile__width-inherit elementor-position-block-start elementor-mobile-position-block-start elementor-widget elementor-widget-icon-box\" data-id=\"cea72a9\" data-element_type=\"widget\" data-e-type=\"widget\" data-widget_type=\"icon-box.default\">\n\t\t\t\t\t\t\t<div class=\"elementor-icon-box-wrapper\">\n\n\t\t\t\t\t\t<div class=\"elementor-icon-box-icon\">\n\t\t\t\t<span  class=\"elementor-icon\">\n\t\t\t\t<svg xmlns=\"http:\/\/www.w3.org\/2000\/svg\" width=\"43\" height=\"43\" viewbox=\"0 0 43 43\" fill=\"none\"><mask id=\"mask0_162_1033\" style=\"mask-type:alpha\" maskunits=\"userSpaceOnUse\" x=\"0\" y=\"0\" width=\"43\" height=\"43\"><rect width=\"42.5703\" height=\"42.5703\" fill=\"#D9D9D9\"><\/rect><\/mask><g mask=\"url(#mask0_162_1033)\"><path d=\"M7.09505 39.0229C6.59249 39.0229 6.17122 38.8529 5.83125 38.5129C5.49127 38.173 5.32129 37.7517 5.32129 37.2491V12.5051C5.32129 12.0912 5.42476 11.7143 5.6317 11.3743C5.83864 11.0344 6.11948 10.7905 6.47424 10.6427L24.2119 3.54762C24.8031 3.31112 25.35 3.38502 25.8526 3.76934C26.3552 4.15366 26.6064 4.671 26.6064 5.32138V10.6427H28.3802C28.8828 10.6427 29.304 10.8127 29.644 11.1526C29.984 11.4926 30.154 11.9139 30.154 12.4164V17.7377C26.6951 17.7377 23.761 18.9424 21.3517 21.3518C18.9423 23.7611 17.7376 26.6952 17.7376 30.1541C17.7376 31.8391 18.0628 33.4503 18.7132 34.9876C19.3636 36.5248 20.2948 37.8699 21.5069 39.0229H7.09505ZM15.9639 10.6427H23.0589V7.89334L15.9639 10.6427ZM30.154 39.0229C27.7003 39.0229 25.6087 38.1582 23.8793 36.4288C22.1499 34.6993 21.2852 32.6078 21.2852 30.1541C21.2852 27.7004 22.1499 25.6088 23.8793 23.8794C25.6087 22.15 27.7003 21.2852 30.154 21.2852C32.6077 21.2852 34.6992 22.15 36.4287 23.8794C38.1581 25.6088 39.0228 27.7004 39.0228 30.1541C39.0228 32.6078 38.1581 34.6993 36.4287 36.4288C34.6992 38.1582 32.6077 39.0229 30.154 39.0229ZM27.9368 34.5885L35.0318 30.1541L27.9368 25.7197V34.5885Z\" fill=\"white\"><\/path><\/g><\/svg>\t\t\t\t<\/span>\n\t\t\t<\/div>\n\t\t\t\n\t\t\t\t\t\t<div class=\"elementor-icon-box-content\">\n\n\t\t\t\t\t\t\t\t\t<h3 class=\"elementor-icon-box-title\">\n\t\t\t\t\t\t<span  >\n\t\t\t\t\t\t\tM\u00e9dia\t\t\t\t\t\t<\/span>\n\t\t\t\t\t<\/h3>\n\t\t\t\t\n\t\t\t\t\t\t\t\t\t<p class=\"elementor-icon-box-description\">\n\t\t\t\t\t\tD\u00e9couvrez nos derni\u00e8res apparitions dans les m\u00e9dias et nos derni\u00e8res annonces.\t\t\t\t\t<\/p>\n\t\t\t\t\n\t\t\t<\/div>\n\t\t\t\n\t\t<\/div>\n\t\t\t\t\t\t<\/div>\n\t\t\t\t<\/a>\n\t\t\t\t<\/div>\n\t\t\t\t\t<\/div>\n\t\t\t\t<\/div>\n\t\t\t\t<\/div>","protected":false},"excerpt":{"rendered":"<p>Learning Ressources Explore case studies, webinars, blog articles, and media highlights designed to help sustainability teams turn carbon reporting into clear decisions and measurable progress. Case studies Learn from peers in our case studies. Blog Stay up to date with our blog articles. Webinars Go deeper with expert-led webinars. Media Discover our latest media appearances [&hellip;]<\/p>\n","protected":false},"author":1,"featured_media":0,"parent":0,"menu_order":0,"comment_status":"closed","ping_status":"closed","template":"","meta":{"_acf_changed":false,"footnotes":""},"class_list":["post-1265","page","type-page","status-publish","hentry"],"acf":[],"yoast_head":"<!-- This site is optimized with the Yoast SEO plugin v27.3 - https:\/\/yoast.com\/product\/yoast-seo-wordpress\/ -->\n<title>Resources - D-Carbonize<\/title>\n<meta name=\"description\" content=\"Explore case studies, webinars, blog articles, and media highlights to help sustainability teams turn decarbonization into performance levers.\" \/>\n<meta name=\"robots\" content=\"index, follow, max-snippet:-1, max-image-preview:large, max-video-preview:-1\" \/>\n<link rel=\"canonical\" href=\"https:\/\/d-carbonize.eu\/fr\/ressources\/\" \/>\n<meta property=\"og:locale\" content=\"fr_FR\" \/>\n<meta property=\"og:type\" content=\"article\" \/>\n<meta property=\"og:title\" content=\"Resources - D-Carbonize\" \/>\n<meta property=\"og:description\" content=\"Explore case studies, webinars, blog articles, and media highlights to help sustainability teams turn decarbonization into performance levers.\" \/>\n<meta property=\"og:url\" content=\"https:\/\/d-carbonize.eu\/fr\/ressources\/\" \/>\n<meta property=\"og:site_name\" content=\"D-Carbonize\" \/>\n<meta property=\"article:modified_time\" content=\"2026-03-04T09:23:43+00:00\" \/>\n<meta name=\"twitter:card\" content=\"summary_large_image\" \/>\n<meta name=\"twitter:label1\" content=\"Dur\u00e9e de lecture estim\u00e9e\" \/>\n\t<meta name=\"twitter:data1\" content=\"1 minute\" \/>\n<script type=\"application\/ld+json\" class=\"yoast-schema-graph\">{\"@context\":\"https:\\\/\\\/schema.org\",\"@graph\":[{\"@type\":\"WebPage\",\"@id\":\"https:\\\/\\\/d-carbonize.eu\\\/fr\\\/resources\\\/\",\"url\":\"https:\\\/\\\/d-carbonize.eu\\\/fr\\\/resources\\\/\",\"name\":\"Resources - D-Carbonize\",\"isPartOf\":{\"@id\":\"https:\\\/\\\/d-carbonize.eu\\\/fr\\\/#website\"},\"datePublished\":\"2025-09-30T05:14:47+00:00\",\"dateModified\":\"2026-03-04T09:23:43+00:00\",\"description\":\"Explore case studies, webinars, blog articles, and media highlights to help sustainability teams turn decarbonization into performance levers.\",\"breadcrumb\":{\"@id\":\"https:\\\/\\\/d-carbonize.eu\\\/fr\\\/resources\\\/#breadcrumb\"},\"inLanguage\":\"fr-FR\",\"potentialAction\":[{\"@type\":\"ReadAction\",\"target\":[\"https:\\\/\\\/d-carbonize.eu\\\/fr\\\/resources\\\/\"]}]},{\"@type\":\"BreadcrumbList\",\"@id\":\"https:\\\/\\\/d-carbonize.eu\\\/fr\\\/resources\\\/#breadcrumb\",\"itemListElement\":[{\"@type\":\"ListItem\",\"position\":1,\"name\":\"Home\",\"item\":\"https:\\\/\\\/d-carbonize.eu\\\/\"},{\"@type\":\"ListItem\",\"position\":2,\"name\":\"Resources\"}]},{\"@type\":\"WebSite\",\"@id\":\"https:\\\/\\\/d-carbonize.eu\\\/fr\\\/#website\",\"url\":\"https:\\\/\\\/d-carbonize.eu\\\/fr\\\/\",\"name\":\"D-Carbonize\",\"description\":\"We Empower organisations to reduce their carbon footprint\",\"publisher\":{\"@id\":\"https:\\\/\\\/d-carbonize.eu\\\/fr\\\/#organization\"},\"potentialAction\":[{\"@type\":\"SearchAction\",\"target\":{\"@type\":\"EntryPoint\",\"urlTemplate\":\"https:\\\/\\\/d-carbonize.eu\\\/fr\\\/?s={search_term_string}\"},\"query-input\":{\"@type\":\"PropertyValueSpecification\",\"valueRequired\":true,\"valueName\":\"search_term_string\"}}],\"inLanguage\":\"fr-FR\"},{\"@type\":\"Organization\",\"@id\":\"https:\\\/\\\/d-carbonize.eu\\\/fr\\\/#organization\",\"name\":\"D-Carbonize\",\"url\":\"https:\\\/\\\/d-carbonize.eu\\\/fr\\\/\",\"logo\":{\"@type\":\"ImageObject\",\"inLanguage\":\"fr-FR\",\"@id\":\"https:\\\/\\\/d-carbonize.eu\\\/fr\\\/#\\\/schema\\\/logo\\\/image\\\/\",\"url\":\"https:\\\/\\\/d-carbonize.eu\\\/wp-content\\\/uploads\\\/2025\\\/09\\\/Figure-\u2192-d-carbo_vertical.svg\",\"contentUrl\":\"https:\\\/\\\/d-carbonize.eu\\\/wp-content\\\/uploads\\\/2025\\\/09\\\/Figure-\u2192-d-carbo_vertical.svg\",\"width\":196,\"height\":25,\"caption\":\"D-Carbonize\"},\"image\":{\"@id\":\"https:\\\/\\\/d-carbonize.eu\\\/fr\\\/#\\\/schema\\\/logo\\\/image\\\/\"}}]}<\/script>\n<!-- \/ Yoast SEO plugin. -->","yoast_head_json":{"title":"Ressources | D-Carbonize","description":"D\u00e9couvrez des \u00e9tudes de cas, des webinaires, des articles de blog et des faits marquants dans les m\u00e9dias con\u00e7us pour aider les \u00e9quipes charg\u00e9es du d\u00e9veloppement durable.","robots":{"index":"index","follow":"follow","max-snippet":"max-snippet:-1","max-image-preview":"max-image-preview:large","max-video-preview":"max-video-preview:-1"},"canonical":"https:\/\/d-carbonize.eu\/fr\/ressources\/","og_locale":"fr_FR","og_type":"article","og_title":"Resources - D-Carbonize","og_description":"Explore case studies, webinars, blog articles, and media highlights to help sustainability teams turn decarbonization into performance levers.","og_url":"https:\/\/d-carbonize.eu\/fr\/ressources\/","og_site_name":"D-Carbonize","article_modified_time":"2026-03-04T09:23:43+00:00","twitter_card":"summary_large_image","twitter_misc":{"Dur\u00e9e de lecture estim\u00e9e":"1 minute"},"schema":{"@context":"https:\/\/schema.org","@graph":[{"@type":"WebPage","@id":"https:\/\/d-carbonize.eu\/fr\/resources\/","url":"https:\/\/d-carbonize.eu\/fr\/resources\/","name":"Ressources | D-Carbonize","isPartOf":{"@id":"https:\/\/d-carbonize.eu\/fr\/#website"},"datePublished":"2025-09-30T05:14:47+00:00","dateModified":"2026-03-04T09:23:43+00:00","description":"D\u00e9couvrez des \u00e9tudes de cas, des webinaires, des articles de blog et des faits marquants dans les m\u00e9dias con\u00e7us pour aider les \u00e9quipes charg\u00e9es du d\u00e9veloppement durable.","breadcrumb":{"@id":"https:\/\/d-carbonize.eu\/fr\/resources\/#breadcrumb"},"inLanguage":"fr-FR","potentialAction":[{"@type":"ReadAction","target":["https:\/\/d-carbonize.eu\/fr\/resources\/"]}]},{"@type":"BreadcrumbList","@id":"https:\/\/d-carbonize.eu\/fr\/resources\/#breadcrumb","itemListElement":[{"@type":"ListItem","position":1,"name":"Home","item":"https:\/\/d-carbonize.eu\/"},{"@type":"ListItem","position":2,"name":"Resources"}]},{"@type":"WebSite","@id":"https:\/\/d-carbonize.eu\/fr\/#website","url":"https:\/\/d-carbonize.eu\/fr\/","name":"D-Carbonize","description":"Nous donnons aux organisations les moyens de r\u00e9duire leur empreinte carbone","publisher":{"@id":"https:\/\/d-carbonize.eu\/fr\/#organization"},"potentialAction":[{"@type":"SearchAction","target":{"@type":"EntryPoint","urlTemplate":"https:\/\/d-carbonize.eu\/fr\/?s={search_term_string}"},"query-input":{"@type":"PropertyValueSpecification","valueRequired":true,"valueName":"search_term_string"}}],"inLanguage":"fr-FR"},{"@type":"Organization","@id":"https:\/\/d-carbonize.eu\/fr\/#organization","name":"D-Carbonize","url":"https:\/\/d-carbonize.eu\/fr\/","logo":{"@type":"ImageObject","inLanguage":"fr-FR","@id":"https:\/\/d-carbonize.eu\/fr\/#\/schema\/logo\/image\/","url":"https:\/\/d-carbonize.eu\/wp-content\/uploads\/2025\/09\/Figure-\u2192-d-carbo_vertical.svg","contentUrl":"https:\/\/d-carbonize.eu\/wp-content\/uploads\/2025\/09\/Figure-\u2192-d-carbo_vertical.svg","width":196,"height":25,"caption":"D-Carbonize"},"image":{"@id":"https:\/\/d-carbonize.eu\/fr\/#\/schema\/logo\/image\/"}}]}},"_links":{"self":[{"href":"https:\/\/d-carbonize.eu\/fr\/wp-json\/wp\/v2\/pages\/1265","targetHints":{"allow":["GET"]}}],"collection":[{"href":"https:\/\/d-carbonize.eu\/fr\/wp-json\/wp\/v2\/pages"}],"about":[{"href":"https:\/\/d-carbonize.eu\/fr\/wp-json\/wp\/v2\/types\/page"}],"author":[{"embeddable":true,"href":"https:\/\/d-carbonize.eu\/fr\/wp-json\/wp\/v2\/users\/1"}],"replies":[{"embeddable":true,"href":"https:\/\/d-carbonize.eu\/fr\/wp-json\/wp\/v2\/comments?post=1265"}],"version-history":[{"count":34,"href":"https:\/\/d-carbonize.eu\/fr\/wp-json\/wp\/v2\/pages\/1265\/revisions"}],"predecessor-version":[{"id":15564,"href":"https:\/\/d-carbonize.eu\/fr\/wp-json\/wp\/v2\/pages\/1265\/revisions\/15564"}],"wp:attachment":[{"href":"https:\/\/d-carbonize.eu\/fr\/wp-json\/wp\/v2\/media?parent=1265"}],"curies":[{"name":"wp","href":"https:\/\/api.w.org\/{rel}","templated":true}]}}