{"id":432,"date":"2025-09-22T07:20:12","date_gmt":"2025-09-22T07:20:12","guid":{"rendered":"https:\/\/d-carbonize.eu\/?page_id=432"},"modified":"2026-02-16T09:30:20","modified_gmt":"2026-02-16T09:30:20","slug":"solutions","status":"publish","type":"page","link":"https:\/\/d-carbonize.eu\/fr\/solutions\/","title":{"rendered":"Solutions"},"content":{"rendered":"<div data-elementor-type=\"wp-page\" data-elementor-id=\"432\" class=\"elementor elementor-432\" data-elementor-post-type=\"page\">\n\t\t\t\t<div class=\"elementor-element elementor-element-a412e5b e-flex e-con-boxed e-con e-parent\" data-id=\"a412e5b\" data-element_type=\"container\" data-e-type=\"container\">\n\t\t\t\t\t<div class=\"e-con-inner\">\n\t\t<div class=\"elementor-element elementor-element-03717e3 e-con-full e-flex e-con e-child\" data-id=\"03717e3\" data-element_type=\"container\" data-e-type=\"container\">\n\t\t\t\t<div class=\"elementor-element elementor-element-485bc0e elementor-align-center elementor-icon-list--layout-traditional elementor-list-item-link-full_width elementor-widget elementor-widget-icon-list\" data-id=\"485bc0e\" data-element_type=\"widget\" data-e-type=\"widget\" data-widget_type=\"icon-list.default\">\n\t\t\t\t\t\t\t<ul class=\"elementor-icon-list-items\">\n\t\t\t\t\t\t\t<li class=\"elementor-icon-list-item\">\n\t\t\t\t\t\t\t\t\t\t\t<span class=\"elementor-icon-list-icon\">\n\t\t\t\t\t\t\t<svg xmlns=\"http:\/\/www.w3.org\/2000\/svg\" width=\"24\" height=\"24\" viewbox=\"0 0 24 24\"><path d=\"M12 22C11.5667 22 11.175 21.8958 10.825 21.6875C10.475 21.4792 10.2 21.2 10 20.85C9.45 20.85 8.97917 20.6542 8.5875 20.2625C8.19583 19.8708 8 19.4 8 18.85V15.3C7.01667 14.65 6.22917 13.7917 5.6375 12.725C5.04583 11.6583 4.75 10.5 4.75 9.25C4.75 7.23333 5.45417 5.52083 6.8625 4.1125C8.27083 2.70417 9.98333 2 12 2C14.0167 2 15.7292 2.70417 17.1375 4.1125C18.5458 5.52083 19.25 7.23333 19.25 9.25C19.25 10.5333 18.9542 11.7 18.3625 12.75C17.7708 13.8 16.9833 14.65 16 15.3V18.85C16 19.4 15.8042 19.8708 15.4125 20.2625C15.0208 20.6542 14.55 20.85 14 20.85C13.8 21.2 13.525 21.4792 13.175 21.6875C12.825 21.8958 12.4333 22 12 22ZM10 18.85H14V17.95H10V18.85ZM10 16.95H14V16H10V16.95ZM9.8 14H11.25V11.3L9.05 9.1L10.1 8.05L12 9.95L13.9 8.05L14.95 9.1L12.75 11.3V14H14.2C15.1 13.5667 15.8333 12.9292 16.4 12.0875C16.9667 11.2458 17.25 10.3 17.25 9.25C17.25 7.78333 16.7417 6.54167 15.725 5.525C14.7083 4.50833 13.4667 4 12 4C10.5333 4 9.29167 4.50833 8.275 5.525C7.25833 6.54167 6.75 7.78333 6.75 9.25C6.75 10.3 7.03333 11.2458 7.6 12.0875C8.16667 12.9292 8.9 13.5667 9.8 14Z\"><\/path><\/svg>\t\t\t\t\t\t<\/span>\n\t\t\t\t\t\t\t\t\t\t<span class=\"elementor-icon-list-text\">Nos solutions<\/span>\n\t\t\t\t\t\t\t\t\t<\/li>\n\t\t\t\t\t\t<\/ul>\n\t\t\t\t\t\t<\/div>\n\t\t\t\t<div class=\"elementor-element elementor-element-af44190 elementor-widget elementor-widget-heading\" data-id=\"af44190\" data-element_type=\"widget\" data-e-type=\"widget\" data-widget_type=\"heading.default\">\n\t\t\t\t\t<h1 class=\"elementor-heading-title elementor-size-default\">Nos solutions<\/h1>\t\t\t\t<\/div>\n\t\t\t\t<div class=\"elementor-element elementor-element-a3c886d elementor-widget elementor-widget-heading\" data-id=\"a3c886d\" data-element_type=\"widget\" data-e-type=\"widget\" data-widget_type=\"heading.default\">\n\t\t\t\t\t<p class=\"elementor-heading-title elementor-size-default\">Combinez le bon outil, la formation et l'expertise ad\u00e9quate pour transformer vos donn\u00e9es en d\u00e9cisions.<\/p>\t\t\t\t<\/div>\n\t\t\t\t<\/div>\n\t\t<div class=\"elementor-element elementor-element-098b148 e-con-full e-flex e-con e-child\" data-id=\"098b148\" data-element_type=\"container\" data-e-type=\"container\">\n\t\t<a class=\"elementor-element elementor-element-bccddb1 e-con-full e-flex e-con e-child\" data-id=\"bccddb1\" data-element_type=\"container\" data-e-type=\"container\" href=\"https:\/\/d-carbonize.eu\/fr\/produit\/\">\n\t\t\t\t<div class=\"elementor-element elementor-element-ebde888 elementor-view-stacked elementor-shape-rounded elementor-widget__width-initial elementor-widget-mobile__width-inherit elementor-position-block-start elementor-mobile-position-block-start elementor-widget elementor-widget-icon-box\" data-id=\"ebde888\" data-element_type=\"widget\" data-e-type=\"widget\" data-widget_type=\"icon-box.default\">\n\t\t\t\t\t\t\t<div class=\"elementor-icon-box-wrapper\">\n\n\t\t\t\t\t\t<div class=\"elementor-icon-box-icon\">\n\t\t\t\t<span  class=\"elementor-icon\">\n\t\t\t\t<svg xmlns=\"http:\/\/www.w3.org\/2000\/svg\" width=\"40\" height=\"40\" viewbox=\"0 0 40 40\" fill=\"none\"><mask id=\"mask0_147_2056\" style=\"mask-type:alpha\" maskunits=\"userSpaceOnUse\" x=\"0\" y=\"0\" width=\"40\" height=\"40\"><rect width=\"39.5259\" height=\"39.5259\" fill=\"#D9D9D9\"><\/rect><\/mask><g mask=\"url(#mask0_147_2056)\"><path d=\"M8.72857 29.6856C7.54828 28.3681 6.6219 26.8584 5.94941 25.1566C5.27692 23.4548 4.94067 21.6569 4.94067 19.7629C4.94067 15.6457 6.38172 12.146 9.26382 9.26388C12.1459 6.38178 15.6456 4.94073 19.7629 4.94073V1.64691L27.9974 7.82283L19.7629 13.9987V10.7049C17.2651 10.7049 15.1309 11.5901 13.3605 13.3606C11.5901 15.131 10.7049 17.2651 10.7049 19.7629C10.7049 21.0256 10.945 22.2059 11.4254 23.3038C11.9057 24.4017 12.5576 25.3624 13.3811 26.1859L8.72857 29.6856ZM19.7629 37.879L11.5283 31.703L19.7629 25.5271V28.821C22.2607 28.821 24.3948 27.9357 26.1652 26.1653C27.9357 24.3949 28.8209 22.2608 28.8209 19.7629C28.8209 18.5003 28.5807 17.32 28.1004 16.2221C27.62 15.1241 26.9681 14.1634 26.1447 13.34L30.7972 9.8403C31.9775 11.1578 32.9039 12.6675 33.5764 14.3693C34.2488 16.0711 34.5851 17.869 34.5851 19.7629C34.5851 23.8802 33.144 27.3799 30.2619 30.262C27.3798 33.1441 23.8802 34.5851 19.7629 34.5851V37.879Z\" fill=\"white\"><\/path><\/g><\/svg>\t\t\t\t<\/span>\n\t\t\t<\/div>\n\t\t\t\n\t\t\t\t\t\t<div class=\"elementor-icon-box-content\">\n\n\t\t\t\t\t\t\t\t\t<h3 class=\"elementor-icon-box-title\">\n\t\t\t\t\t\t<span  >\n\t\t\t\t\t\t\t#1. Carbon Cockpit\t\t\t\t\t\t<\/span>\n\t\t\t\t\t<\/h3>\n\t\t\t\t\n\t\t\t\t\t\t\t\t\t<p class=\"elementor-icon-box-description\">\n\t\t\t\t\t\tNotre plateforme carbone est con\u00e7ue pour transformer la d\u00e9carbonation en levier de rentabilit\u00e9.\t\t\t\t\t<\/p>\n\t\t\t\t\n\t\t\t<\/div>\n\t\t\t\n\t\t<\/div>\n\t\t\t\t\t\t<\/div>\n\t\t\t\t<\/a>\n\t\t<a class=\"elementor-element elementor-element-0489be4 e-con-full e-flex e-con e-child\" data-id=\"0489be4\" data-element_type=\"container\" data-e-type=\"container\" href=\"https:\/\/d-carbonize.eu\/fr\/academie\/\">\n\t\t\t\t<div class=\"elementor-element elementor-element-3c28fc2 elementor-view-stacked elementor-shape-rounded elementor-widget__width-initial elementor-widget-mobile__width-inherit elementor-position-block-start elementor-mobile-position-block-start elementor-widget elementor-widget-icon-box\" data-id=\"3c28fc2\" data-element_type=\"widget\" data-e-type=\"widget\" data-widget_type=\"icon-box.default\">\n\t\t\t\t\t\t\t<div class=\"elementor-icon-box-wrapper\">\n\n\t\t\t\t\t\t<div class=\"elementor-icon-box-icon\">\n\t\t\t\t<span  class=\"elementor-icon\">\n\t\t\t\t<svg xmlns=\"http:\/\/www.w3.org\/2000\/svg\" width=\"34\" height=\"34\" viewbox=\"0 0 34 34\" fill=\"none\"><mask id=\"mask0_147_2065\" style=\"mask-type:alpha\" maskunits=\"userSpaceOnUse\" x=\"0\" y=\"0\" width=\"34\" height=\"34\"><rect width=\"33.1353\" height=\"33.1353\" fill=\"#D9D9D9\"><\/rect><\/mask><g mask=\"url(#mask0_147_2065)\"><path d=\"M22.0901 14.6347L27.6127 11.4593L22.0901 8.28379L16.5676 11.4593L22.0901 14.6347ZM22.0901 18.8457L25.8869 16.6366V13.7373L22.0901 15.9463L18.2934 13.7373V16.6366L22.0901 18.8457ZM2.76123 27.6127V23.4708C3.91176 23.4708 4.88971 23.8735 5.69508 24.6788C6.50045 25.4842 6.90314 26.4622 6.90314 27.6127H2.76123ZM9.66441 27.6127C9.66441 25.7028 8.99135 24.0748 7.64523 22.7287C6.29911 21.3826 4.67111 20.7095 2.76123 20.7095V17.9482C5.45347 17.9482 7.73727 18.8859 9.61263 20.7613C11.488 22.6367 12.4257 24.9205 12.4257 27.6127H9.66441ZM15.1869 27.6127C15.1869 25.8869 14.859 24.2704 14.2032 22.7632C13.5474 21.256 12.6615 19.9444 11.5455 18.8284C10.4295 17.7124 9.11791 16.8265 7.61071 16.1707C6.10352 15.5149 4.48702 15.187 2.76123 15.187V12.4257C4.85519 12.4257 6.8226 12.8226 8.66345 13.6165C10.5043 14.4104 12.115 15.4976 13.4957 16.8783C14.8763 18.2589 15.9636 19.8696 16.7574 21.7105C17.5513 23.5513 17.9482 25.5187 17.9482 27.6127H15.1869ZM20.7095 27.6127C20.7095 25.1275 20.2378 22.7977 19.2943 20.6232C18.3509 18.4487 17.0681 16.5503 15.4458 14.9281C13.8236 13.3059 11.9252 12.023 9.7507 11.0796C7.5762 10.1361 5.24637 9.66443 2.76123 9.66443V8.28379C2.76123 7.52444 3.0316 6.87439 3.57235 6.33365C4.1131 5.7929 4.76315 5.52252 5.5225 5.52252H27.6127C28.372 5.52252 29.0221 5.7929 29.5628 6.33365C30.1036 6.87439 30.3739 7.52444 30.3739 8.28379V24.8514C30.3739 25.6108 30.1036 26.2608 29.5628 26.8016C29.0221 27.3423 28.372 27.6127 27.6127 27.6127H20.7095Z\" fill=\"white\"><\/path><\/g><\/svg>\t\t\t\t<\/span>\n\t\t\t<\/div>\n\t\t\t\n\t\t\t\t\t\t<div class=\"elementor-icon-box-content\">\n\n\t\t\t\t\t\t\t\t\t<h3 class=\"elementor-icon-box-title\">\n\t\t\t\t\t\t<span  >\n\t\t\t\t\t\t\tFormation carbone\t\t\t\t\t\t<\/span>\n\t\t\t\t\t<\/h3>\n\t\t\t\t\n\t\t\t\t\t\t\t\t\t<p class=\"elementor-icon-box-description\">\n\t\t\t\t\t\tPlongez au c\u0153ur des principes fondamentaux de la d\u00e9carbonation.\t\t\t\t\t<\/p>\n\t\t\t\t\n\t\t\t<\/div>\n\t\t\t\n\t\t<\/div>\n\t\t\t\t\t\t<\/div>\n\t\t\t\t<\/a>\n\t\t\t\t<\/div>\n\t\t\t\t\t<\/div>\n\t\t\t\t<\/div>\n\t\t\t\t<\/div>","protected":false},"excerpt":{"rendered":"<p>Nos solutions Our solutions Combine the right tools, training and expertise to turn data into decisions. Carbon Cockpit Our platform is design to turn decarbonization into profitability lever. Carbon training Deep dive into the core principles of decarbonization.<\/p>","protected":false},"author":1,"featured_media":0,"parent":0,"menu_order":0,"comment_status":"closed","ping_status":"closed","template":"","meta":{"_acf_changed":false,"footnotes":""},"class_list":["post-432","page","type-page","status-publish","hentry"],"acf":[],"yoast_head":"<!-- This site is optimized with the Yoast SEO plugin v27.3 - https:\/\/yoast.com\/product\/yoast-seo-wordpress\/ -->\n<title>Solutions - D-Carbonize<\/title>\n<meta name=\"robots\" content=\"index, follow, max-snippet:-1, max-image-preview:large, max-video-preview:-1\" \/>\n<link rel=\"canonical\" href=\"https:\/\/d-carbonize.eu\/fr\/solutions\/\" \/>\n<meta property=\"og:locale\" content=\"fr_FR\" \/>\n<meta property=\"og:type\" content=\"article\" \/>\n<meta property=\"og:title\" content=\"Solutions - D-Carbonize\" \/>\n<meta property=\"og:description\" content=\"Nos solutions Our solutions Combine the right tools, training and expertise to turn data into decisions. Carbon Cockpit Our platform is design to turn decarbonization into profitability lever. Carbon training Deep dive into the core principles of decarbonization.\" \/>\n<meta property=\"og:url\" content=\"https:\/\/d-carbonize.eu\/fr\/solutions\/\" \/>\n<meta property=\"og:site_name\" content=\"D-Carbonize\" \/>\n<meta property=\"article:modified_time\" content=\"2026-02-16T09:30:20+00:00\" \/>\n<meta name=\"twitter:card\" content=\"summary_large_image\" \/>\n<meta name=\"twitter:label1\" content=\"Dur\u00e9e de lecture estim\u00e9e\" \/>\n\t<meta name=\"twitter:data1\" content=\"1 minute\" \/>\n<script type=\"application\/ld+json\" class=\"yoast-schema-graph\">{\"@context\":\"https:\\\/\\\/schema.org\",\"@graph\":[{\"@type\":\"WebPage\",\"@id\":\"https:\\\/\\\/d-carbonize.eu\\\/fr\\\/solutions\\\/\",\"url\":\"https:\\\/\\\/d-carbonize.eu\\\/fr\\\/solutions\\\/\",\"name\":\"Solutions - D-Carbonize\",\"isPartOf\":{\"@id\":\"https:\\\/\\\/d-carbonize.eu\\\/fr\\\/#website\"},\"datePublished\":\"2025-09-22T07:20:12+00:00\",\"dateModified\":\"2026-02-16T09:30:20+00:00\",\"breadcrumb\":{\"@id\":\"https:\\\/\\\/d-carbonize.eu\\\/fr\\\/solutions\\\/#breadcrumb\"},\"inLanguage\":\"fr-FR\",\"potentialAction\":[{\"@type\":\"ReadAction\",\"target\":[\"https:\\\/\\\/d-carbonize.eu\\\/fr\\\/solutions\\\/\"]}]},{\"@type\":\"BreadcrumbList\",\"@id\":\"https:\\\/\\\/d-carbonize.eu\\\/fr\\\/solutions\\\/#breadcrumb\",\"itemListElement\":[{\"@type\":\"ListItem\",\"position\":1,\"name\":\"Home\",\"item\":\"https:\\\/\\\/d-carbonize.eu\\\/\"},{\"@type\":\"ListItem\",\"position\":2,\"name\":\"Solutions\"}]},{\"@type\":\"WebSite\",\"@id\":\"https:\\\/\\\/d-carbonize.eu\\\/fr\\\/#website\",\"url\":\"https:\\\/\\\/d-carbonize.eu\\\/fr\\\/\",\"name\":\"D-Carbonize\",\"description\":\"We Empower organisations to reduce their carbon footprint\",\"publisher\":{\"@id\":\"https:\\\/\\\/d-carbonize.eu\\\/fr\\\/#organization\"},\"potentialAction\":[{\"@type\":\"SearchAction\",\"target\":{\"@type\":\"EntryPoint\",\"urlTemplate\":\"https:\\\/\\\/d-carbonize.eu\\\/fr\\\/?s={search_term_string}\"},\"query-input\":{\"@type\":\"PropertyValueSpecification\",\"valueRequired\":true,\"valueName\":\"search_term_string\"}}],\"inLanguage\":\"fr-FR\"},{\"@type\":\"Organization\",\"@id\":\"https:\\\/\\\/d-carbonize.eu\\\/fr\\\/#organization\",\"name\":\"D-Carbonize\",\"url\":\"https:\\\/\\\/d-carbonize.eu\\\/fr\\\/\",\"logo\":{\"@type\":\"ImageObject\",\"inLanguage\":\"fr-FR\",\"@id\":\"https:\\\/\\\/d-carbonize.eu\\\/fr\\\/#\\\/schema\\\/logo\\\/image\\\/\",\"url\":\"https:\\\/\\\/d-carbonize.eu\\\/wp-content\\\/uploads\\\/2025\\\/09\\\/Figure-\u2192-d-carbo_vertical.svg\",\"contentUrl\":\"https:\\\/\\\/d-carbonize.eu\\\/wp-content\\\/uploads\\\/2025\\\/09\\\/Figure-\u2192-d-carbo_vertical.svg\",\"width\":196,\"height\":25,\"caption\":\"D-Carbonize\"},\"image\":{\"@id\":\"https:\\\/\\\/d-carbonize.eu\\\/fr\\\/#\\\/schema\\\/logo\\\/image\\\/\"}}]}<\/script>\n<!-- \/ Yoast SEO plugin. -->","yoast_head_json":{"title":"Solutions - D-Carbonize","robots":{"index":"index","follow":"follow","max-snippet":"max-snippet:-1","max-image-preview":"max-image-preview:large","max-video-preview":"max-video-preview:-1"},"canonical":"https:\/\/d-carbonize.eu\/fr\/solutions\/","og_locale":"fr_FR","og_type":"article","og_title":"Solutions - D-Carbonize","og_description":"Nos solutions Our solutions Combine the right tools, training and expertise to turn data into decisions. Carbon Cockpit Our platform is design to turn decarbonization into profitability lever. Carbon training Deep dive into the core principles of decarbonization.","og_url":"https:\/\/d-carbonize.eu\/fr\/solutions\/","og_site_name":"D-Carbonize","article_modified_time":"2026-02-16T09:30:20+00:00","twitter_card":"summary_large_image","twitter_misc":{"Dur\u00e9e de lecture estim\u00e9e":"1 minute"},"schema":{"@context":"https:\/\/schema.org","@graph":[{"@type":"WebPage","@id":"https:\/\/d-carbonize.eu\/fr\/solutions\/","url":"https:\/\/d-carbonize.eu\/fr\/solutions\/","name":"Solutions - D-Carbonize","isPartOf":{"@id":"https:\/\/d-carbonize.eu\/fr\/#website"},"datePublished":"2025-09-22T07:20:12+00:00","dateModified":"2026-02-16T09:30:20+00:00","breadcrumb":{"@id":"https:\/\/d-carbonize.eu\/fr\/solutions\/#breadcrumb"},"inLanguage":"fr-FR","potentialAction":[{"@type":"ReadAction","target":["https:\/\/d-carbonize.eu\/fr\/solutions\/"]}]},{"@type":"BreadcrumbList","@id":"https:\/\/d-carbonize.eu\/fr\/solutions\/#breadcrumb","itemListElement":[{"@type":"ListItem","position":1,"name":"Home","item":"https:\/\/d-carbonize.eu\/"},{"@type":"ListItem","position":2,"name":"Solutions"}]},{"@type":"WebSite","@id":"https:\/\/d-carbonize.eu\/fr\/#website","url":"https:\/\/d-carbonize.eu\/fr\/","name":"D-Carbonize","description":"Nous donnons aux organisations les moyens de r\u00e9duire leur empreinte carbone","publisher":{"@id":"https:\/\/d-carbonize.eu\/fr\/#organization"},"potentialAction":[{"@type":"SearchAction","target":{"@type":"EntryPoint","urlTemplate":"https:\/\/d-carbonize.eu\/fr\/?s={search_term_string}"},"query-input":{"@type":"PropertyValueSpecification","valueRequired":true,"valueName":"search_term_string"}}],"inLanguage":"fr-FR"},{"@type":"Organization","@id":"https:\/\/d-carbonize.eu\/fr\/#organization","name":"D-Carbonize","url":"https:\/\/d-carbonize.eu\/fr\/","logo":{"@type":"ImageObject","inLanguage":"fr-FR","@id":"https:\/\/d-carbonize.eu\/fr\/#\/schema\/logo\/image\/","url":"https:\/\/d-carbonize.eu\/wp-content\/uploads\/2025\/09\/Figure-\u2192-d-carbo_vertical.svg","contentUrl":"https:\/\/d-carbonize.eu\/wp-content\/uploads\/2025\/09\/Figure-\u2192-d-carbo_vertical.svg","width":196,"height":25,"caption":"D-Carbonize"},"image":{"@id":"https:\/\/d-carbonize.eu\/fr\/#\/schema\/logo\/image\/"}}]}},"_links":{"self":[{"href":"https:\/\/d-carbonize.eu\/fr\/wp-json\/wp\/v2\/pages\/432","targetHints":{"allow":["GET"]}}],"collection":[{"href":"https:\/\/d-carbonize.eu\/fr\/wp-json\/wp\/v2\/pages"}],"about":[{"href":"https:\/\/d-carbonize.eu\/fr\/wp-json\/wp\/v2\/types\/page"}],"author":[{"embeddable":true,"href":"https:\/\/d-carbonize.eu\/fr\/wp-json\/wp\/v2\/users\/1"}],"replies":[{"embeddable":true,"href":"https:\/\/d-carbonize.eu\/fr\/wp-json\/wp\/v2\/comments?post=432"}],"version-history":[{"count":85,"href":"https:\/\/d-carbonize.eu\/fr\/wp-json\/wp\/v2\/pages\/432\/revisions"}],"predecessor-version":[{"id":14045,"href":"https:\/\/d-carbonize.eu\/fr\/wp-json\/wp\/v2\/pages\/432\/revisions\/14045"}],"wp:attachment":[{"href":"https:\/\/d-carbonize.eu\/fr\/wp-json\/wp\/v2\/media?parent=432"}],"curies":[{"name":"wp","href":"https:\/\/api.w.org\/{rel}","templated":true}]}}