{"id":7739,"date":"2025-10-08T04:40:28","date_gmt":"2025-10-08T04:40:28","guid":{"rendered":"https:\/\/d-carbonize.eu\/?page_id=7739"},"modified":"2025-12-05T06:35:16","modified_gmt":"2025-12-05T06:35:16","slug":"thank-you","status":"publish","type":"page","link":"https:\/\/d-carbonize.eu\/fr\/thank-you\/","title":{"rendered":"Merci"},"content":{"rendered":"<div data-elementor-type=\"wp-page\" data-elementor-id=\"7739\" class=\"elementor elementor-7739\" data-elementor-post-type=\"page\">\n\t\t\t\t<div class=\"elementor-element elementor-element-50826fa e-flex e-con-boxed e-con e-parent\" data-id=\"50826fa\" data-element_type=\"container\" data-e-type=\"container\">\n\t\t\t\t\t<div class=\"e-con-inner\">\n\t\t<div class=\"elementor-element elementor-element-2580c2e e-con-full e-flex e-con e-child\" data-id=\"2580c2e\" data-element_type=\"container\" data-e-type=\"container\">\n\t\t\t\t<div class=\"elementor-element elementor-element-bc07959 elementor-view-default elementor-widget elementor-widget-icon\" data-id=\"bc07959\" data-element_type=\"widget\" data-e-type=\"widget\" data-widget_type=\"icon.default\">\n\t\t\t\t\t\t\t<div class=\"elementor-icon-wrapper\">\n\t\t\t<div class=\"elementor-icon\">\n\t\t\t<svg xmlns=\"http:\/\/www.w3.org\/2000\/svg\" width=\"241\" height=\"185\" viewbox=\"0 0 241 185\" fill=\"none\"><path d=\"M1.15231 167.686C2.77458 179.092 131.785 178.456 193.279 179.055C206.907 184.549 231.217 182.476 231.046 160.825C230.874 139.174 201.589 132.833 189.215 138.088C147.493 155.808 131.295 149.878 120.292 145.388C105.476 139.342 96.6825 132.066 75.7348 135.229C51.2444 136.735 -0.465142 156.314 1.15231 167.686Z\" fill=\"#BCD1FF\" fill-opacity=\"0.5\"><\/path><path d=\"M0.947567 168.5C2.39939 178.53 131.449 179.667 192.949 181C206.497 186 230.844 184.5 230.997 165.5C231.15 146.5 201.954 140.551 189.497 145C147.5 160 131.387 154.584 120.449 150.5C105.72 145 97.0338 138.5 76.0338 141C51.5151 142 -0.499957 158.5 0.947567 168.5Z\" fill=\"#BCD1FF\"><\/path><path d=\"M120.449 112L65.9492 57L41.9492 81C50.9492 88.5 114.449 154 115.949 155.5C125.449 164.5 131.283 160.167 135.949 152.5C160.949 112 212.449 55 240.949 34L221.949 0C194.449 20 148.949 67 120.449 112Z\" fill=\"#2E6BF3\"><\/path><mask id=\"mask0_26_2\" style=\"mask-type:alpha\" maskunits=\"userSpaceOnUse\" x=\"41\" y=\"0\" width=\"200\" height=\"161\"><path d=\"M120.449 112L65.9492 57L41.9492 81C50.9492 88.5 114.449 154 115.949 155.5C125.449 164.5 131.283 160.167 135.949 152.5C160.949 112 212.449 55 240.949 34L221.949 0C194.449 20 148.949 67 120.449 112Z\" fill=\"#2E6BF3\"><\/path><\/mask><g mask=\"url(#mask0_26_2)\"><path d=\"M152.449 95C140.449 143.954 106.449 140.5 102.949 155.5C75.0267 137.145 59.3717 121.355 31.4492 103C33.5971 80.9354 39.8013 68.5646 41.9492 46.5C95.0606 36.9322 124.838 37.0678 177.949 27.5C186.116 33 193.549 46.4 177.949 56C162.349 65.6 154.449 86 152.449 95Z\" fill=\"url(#paint0_linear_26_2)\"><\/path><\/g><defs><lineargradient id=\"paint0_linear_26_2\" x1=\"43.5\" y1=\"81\" x2=\"184.5\" y2=\"45.5\" gradientunits=\"userSpaceOnUse\"><stop stop-color=\"#0045A9\"><\/stop><stop offset=\"1\" stop-color=\"#2E6BF3\"><\/stop><\/lineargradient><\/defs><\/svg>\t\t\t<\/div>\n\t\t<\/div>\n\t\t\t\t\t\t<\/div>\n\t\t\t\t<div class=\"elementor-element elementor-element-546c8f9 elementor-widget elementor-widget-heading\" data-id=\"546c8f9\" data-element_type=\"widget\" data-e-type=\"widget\" data-widget_type=\"heading.default\">\n\t\t\t\t\t<h1 class=\"elementor-heading-title elementor-size-default\">Merci<\/h1>\t\t\t\t<\/div>\n\t\t\t\t<div class=\"elementor-element elementor-element-04a363d elementor-widget__width-initial elementor-widget elementor-widget-heading\" data-id=\"04a363d\" data-element_type=\"widget\" data-e-type=\"widget\" data-widget_type=\"heading.default\">\n\t\t\t\t\t<p class=\"elementor-heading-title elementor-size-default\">Merci pour votre demande ! Notre \u00e9quipe vous contactera dans les plus brefs d\u00e9lais pour r\u00e9pondre \u00e0 vos besoins.<\/p>\t\t\t\t<\/div>\n\t\t\t\t<div class=\"elementor-element elementor-element-13b3b88 elementor-widget__width-initial elementor-widget elementor-widget-heading\" data-id=\"13b3b88\" data-element_type=\"widget\" data-e-type=\"widget\" data-widget_type=\"heading.default\">\n\t\t\t\t\t<p class=\"elementor-heading-title elementor-size-default\">\u00c0 tr\u00e8s bient\u00f4t!<\/p>\t\t\t\t<\/div>\n\t\t\t\t<div class=\"elementor-element elementor-element-224fe26 elementor-widget elementor-widget-button\" data-id=\"224fe26\" data-element_type=\"widget\" data-e-type=\"widget\" data-widget_type=\"button.default\">\n\t\t\t\t\t\t\t\t\t\t<a class=\"elementor-button elementor-button-link elementor-size-sm\" href=\"https:\/\/d-carbonize.eu\/fr\" id=\"Thankyou_Backtohome\">\n\t\t\t\t\t\t<span class=\"elementor-button-content-wrapper\">\n\t\t\t\t\t\t<span class=\"elementor-button-icon\">\n\t\t\t\t<svg aria-hidden=\"true\" class=\"e-font-icon-svg e-fas-arrow-left\" viewbox=\"0 0 448 512\" xmlns=\"http:\/\/www.w3.org\/2000\/svg\"><path d=\"M257.5 445.1l-22.2 22.2c-9.4 9.4-24.6 9.4-33.9 0L7 273c-9.4-9.4-9.4-24.6 0-33.9L201.4 44.7c9.4-9.4 24.6-9.4 33.9 0l22.2 22.2c9.5 9.5 9.3 25-.4 34.3L136.6 216H424c13.3 0 24 10.7 24 24v32c0 13.3-10.7 24-24 24H136.6l120.5 114.8c9.8 9.3 10 24.8.4 34.3z\"><\/path><\/svg>\t\t\t<\/span>\n\t\t\t\t\t\t\t\t\t<span class=\"elementor-button-text\">Retour \u00e0 l'accueil<\/span>\n\t\t\t\t\t<\/span>\n\t\t\t\t\t<\/a>\n\t\t\t\t\t\t\t\t<\/div>\n\t\t\t\t<\/div>\n\t\t\t\t\t<\/div>\n\t\t\t\t<\/div>\n\t\t\t\t<\/div>","protected":false},"excerpt":{"rendered":"<p>Merci Merci pour votre demande ! Notre \u00e9quipe vous r\u00e9pondra tr\u00e8s rapidement pour vous aider. \u00c0 bient\u00f4t ! Retour \u00e0 la page d'accueil<\/p>","protected":false},"author":1,"featured_media":0,"parent":0,"menu_order":0,"comment_status":"closed","ping_status":"closed","template":"","meta":{"_acf_changed":false,"footnotes":""},"class_list":["post-7739","page","type-page","status-publish","hentry"],"acf":[],"yoast_head":"<!-- This site is optimized with the Yoast SEO plugin v27.3 - https:\/\/yoast.com\/product\/yoast-seo-wordpress\/ -->\n<title>Thank you - D-Carbonize<\/title>\n<meta name=\"robots\" content=\"index, follow, max-snippet:-1, max-image-preview:large, max-video-preview:-1\" \/>\n<link rel=\"canonical\" href=\"https:\/\/d-carbonize.eu\/fr\/thank-you\/\" \/>\n<meta property=\"og:locale\" content=\"fr_FR\" \/>\n<meta property=\"og:type\" content=\"article\" \/>\n<meta property=\"og:title\" content=\"Thank you - D-Carbonize\" \/>\n<meta property=\"og:description\" content=\"Thank you Thank you for your request! Our team will get back to you very soon to assist you. Talk to you soon! Back to home\" \/>\n<meta property=\"og:url\" content=\"https:\/\/d-carbonize.eu\/fr\/thank-you\/\" \/>\n<meta property=\"og:site_name\" content=\"D-Carbonize\" \/>\n<meta property=\"article:modified_time\" content=\"2025-12-05T06:35:16+00:00\" \/>\n<meta name=\"twitter:card\" content=\"summary_large_image\" \/>\n<meta name=\"twitter:label1\" content=\"Dur\u00e9e de lecture estim\u00e9e\" \/>\n\t<meta name=\"twitter:data1\" content=\"1 minute\" \/>\n<script type=\"application\/ld+json\" class=\"yoast-schema-graph\">{\"@context\":\"https:\\\/\\\/schema.org\",\"@graph\":[{\"@type\":\"WebPage\",\"@id\":\"https:\\\/\\\/d-carbonize.eu\\\/fr\\\/thank-you\\\/\",\"url\":\"https:\\\/\\\/d-carbonize.eu\\\/fr\\\/thank-you\\\/\",\"name\":\"Thank you - D-Carbonize\",\"isPartOf\":{\"@id\":\"https:\\\/\\\/d-carbonize.eu\\\/fr\\\/#website\"},\"datePublished\":\"2025-10-08T04:40:28+00:00\",\"dateModified\":\"2025-12-05T06:35:16+00:00\",\"breadcrumb\":{\"@id\":\"https:\\\/\\\/d-carbonize.eu\\\/fr\\\/thank-you\\\/#breadcrumb\"},\"inLanguage\":\"fr-FR\",\"potentialAction\":[{\"@type\":\"ReadAction\",\"target\":[\"https:\\\/\\\/d-carbonize.eu\\\/fr\\\/thank-you\\\/\"]}]},{\"@type\":\"BreadcrumbList\",\"@id\":\"https:\\\/\\\/d-carbonize.eu\\\/fr\\\/thank-you\\\/#breadcrumb\",\"itemListElement\":[{\"@type\":\"ListItem\",\"position\":1,\"name\":\"Home\",\"item\":\"https:\\\/\\\/d-carbonize.eu\\\/\"},{\"@type\":\"ListItem\",\"position\":2,\"name\":\"Thank you\"}]},{\"@type\":\"WebSite\",\"@id\":\"https:\\\/\\\/d-carbonize.eu\\\/fr\\\/#website\",\"url\":\"https:\\\/\\\/d-carbonize.eu\\\/fr\\\/\",\"name\":\"D-Carbonize\",\"description\":\"We Empower organisations to reduce their carbon footprint\",\"publisher\":{\"@id\":\"https:\\\/\\\/d-carbonize.eu\\\/fr\\\/#organization\"},\"potentialAction\":[{\"@type\":\"SearchAction\",\"target\":{\"@type\":\"EntryPoint\",\"urlTemplate\":\"https:\\\/\\\/d-carbonize.eu\\\/fr\\\/?s={search_term_string}\"},\"query-input\":{\"@type\":\"PropertyValueSpecification\",\"valueRequired\":true,\"valueName\":\"search_term_string\"}}],\"inLanguage\":\"fr-FR\"},{\"@type\":\"Organization\",\"@id\":\"https:\\\/\\\/d-carbonize.eu\\\/fr\\\/#organization\",\"name\":\"D-Carbonize\",\"url\":\"https:\\\/\\\/d-carbonize.eu\\\/fr\\\/\",\"logo\":{\"@type\":\"ImageObject\",\"inLanguage\":\"fr-FR\",\"@id\":\"https:\\\/\\\/d-carbonize.eu\\\/fr\\\/#\\\/schema\\\/logo\\\/image\\\/\",\"url\":\"https:\\\/\\\/d-carbonize.eu\\\/wp-content\\\/uploads\\\/2025\\\/09\\\/Figure-\u2192-d-carbo_vertical.svg\",\"contentUrl\":\"https:\\\/\\\/d-carbonize.eu\\\/wp-content\\\/uploads\\\/2025\\\/09\\\/Figure-\u2192-d-carbo_vertical.svg\",\"width\":196,\"height\":25,\"caption\":\"D-Carbonize\"},\"image\":{\"@id\":\"https:\\\/\\\/d-carbonize.eu\\\/fr\\\/#\\\/schema\\\/logo\\\/image\\\/\"}}]}<\/script>\n<!-- \/ Yoast SEO plugin. -->","yoast_head_json":{"title":"Thank You | D-Carbonize","robots":{"index":"index","follow":"follow","max-snippet":"max-snippet:-1","max-image-preview":"max-image-preview:large","max-video-preview":"max-video-preview:-1"},"canonical":"https:\/\/d-carbonize.eu\/fr\/thank-you\/","og_locale":"fr_FR","og_type":"article","og_title":"Thank you - D-Carbonize","og_description":"Thank you Thank you for your request! Our team will get back to you very soon to assist you. Talk to you soon! Back to home","og_url":"https:\/\/d-carbonize.eu\/fr\/thank-you\/","og_site_name":"D-Carbonize","article_modified_time":"2025-12-05T06:35:16+00:00","twitter_card":"summary_large_image","twitter_misc":{"Dur\u00e9e de lecture estim\u00e9e":"1 minute"},"schema":{"@context":"https:\/\/schema.org","@graph":[{"@type":"WebPage","@id":"https:\/\/d-carbonize.eu\/fr\/thank-you\/","url":"https:\/\/d-carbonize.eu\/fr\/thank-you\/","name":"Thank You | D-Carbonize","isPartOf":{"@id":"https:\/\/d-carbonize.eu\/fr\/#website"},"datePublished":"2025-10-08T04:40:28+00:00","dateModified":"2025-12-05T06:35:16+00:00","breadcrumb":{"@id":"https:\/\/d-carbonize.eu\/fr\/thank-you\/#breadcrumb"},"inLanguage":"fr-FR","potentialAction":[{"@type":"ReadAction","target":["https:\/\/d-carbonize.eu\/fr\/thank-you\/"]}]},{"@type":"BreadcrumbList","@id":"https:\/\/d-carbonize.eu\/fr\/thank-you\/#breadcrumb","itemListElement":[{"@type":"ListItem","position":1,"name":"Home","item":"https:\/\/d-carbonize.eu\/"},{"@type":"ListItem","position":2,"name":"Thank you"}]},{"@type":"WebSite","@id":"https:\/\/d-carbonize.eu\/fr\/#website","url":"https:\/\/d-carbonize.eu\/fr\/","name":"D-Carbonize","description":"Nous donnons aux organisations les moyens de r\u00e9duire leur empreinte carbone","publisher":{"@id":"https:\/\/d-carbonize.eu\/fr\/#organization"},"potentialAction":[{"@type":"SearchAction","target":{"@type":"EntryPoint","urlTemplate":"https:\/\/d-carbonize.eu\/fr\/?s={search_term_string}"},"query-input":{"@type":"PropertyValueSpecification","valueRequired":true,"valueName":"search_term_string"}}],"inLanguage":"fr-FR"},{"@type":"Organization","@id":"https:\/\/d-carbonize.eu\/fr\/#organization","name":"D-Carbonize","url":"https:\/\/d-carbonize.eu\/fr\/","logo":{"@type":"ImageObject","inLanguage":"fr-FR","@id":"https:\/\/d-carbonize.eu\/fr\/#\/schema\/logo\/image\/","url":"https:\/\/d-carbonize.eu\/wp-content\/uploads\/2025\/09\/Figure-\u2192-d-carbo_vertical.svg","contentUrl":"https:\/\/d-carbonize.eu\/wp-content\/uploads\/2025\/09\/Figure-\u2192-d-carbo_vertical.svg","width":196,"height":25,"caption":"D-Carbonize"},"image":{"@id":"https:\/\/d-carbonize.eu\/fr\/#\/schema\/logo\/image\/"}}]}},"_links":{"self":[{"href":"https:\/\/d-carbonize.eu\/fr\/wp-json\/wp\/v2\/pages\/7739","targetHints":{"allow":["GET"]}}],"collection":[{"href":"https:\/\/d-carbonize.eu\/fr\/wp-json\/wp\/v2\/pages"}],"about":[{"href":"https:\/\/d-carbonize.eu\/fr\/wp-json\/wp\/v2\/types\/page"}],"author":[{"embeddable":true,"href":"https:\/\/d-carbonize.eu\/fr\/wp-json\/wp\/v2\/users\/1"}],"replies":[{"embeddable":true,"href":"https:\/\/d-carbonize.eu\/fr\/wp-json\/wp\/v2\/comments?post=7739"}],"version-history":[{"count":23,"href":"https:\/\/d-carbonize.eu\/fr\/wp-json\/wp\/v2\/pages\/7739\/revisions"}],"predecessor-version":[{"id":12422,"href":"https:\/\/d-carbonize.eu\/fr\/wp-json\/wp\/v2\/pages\/7739\/revisions\/12422"}],"wp:attachment":[{"href":"https:\/\/d-carbonize.eu\/fr\/wp-json\/wp\/v2\/media?parent=7739"}],"curies":[{"name":"wp","href":"https:\/\/api.w.org\/{rel}","templated":true}]}}